{"id":82,"date":"2016-11-27T16:14:28","date_gmt":"2016-11-27T16:14:28","guid":{"rendered":"http:\/\/beton-natursteine.at\/?page_id=82"},"modified":"2017-08-17T18:52:58","modified_gmt":"2017-08-17T18:52:58","slug":"zufriedene-kunden","status":"publish","type":"page","link":"http:\/\/beton-natursteine.at\/?page_id=82","title":{"rendered":"Zufriedene Kunden"},"content":{"rendered":"<div id=\"contentArea\">\n<div id=\"stream_pagelet\" data-referrer=\"stream_pagelet\">\n<div class=\"_5pcb\">\n<div id=\"u_0_s\" class=\"_4-u2 mbm _5jmm _5pat _5v3q _5uun _4-u8\" data-ft=\"{&quot;og_action_id&quot;:&quot;369127786754260&quot;,&quot;top_level_post_id&quot;:&quot;369127780087594&quot;,&quot;tl_objid&quot;:&quot;369127780087594&quot;,&quot;fbfeed_location&quot;:5}\" data-fte=\"1\" data-testid=\"permalink_stream_story\">\n<div id=\"u_0_t\" class=\"_3ccb\" data-gt=\"{&quot;type&quot;:&quot;click2canvas&quot;,&quot;fbsource&quot;:703,&quot;ref&quot;:&quot;nf_generic&quot;}\">\n<div class=\"userContentWrapper _5pcr\">\n<div class=\"_1dwg _1w_m\">\n<div id=\"js_3\" class=\"_5pbx userContent\" data-ft=\"{&quot;tn&quot;:&quot;K&quot;}\">\n<p><strong>Gro\u00dfformatplatten &#8211; au\u00dfergew\u00f6hnlich sch\u00f6n<\/strong><\/p>\n<p><a href=\"http:\/\/beton-natursteine.at\/wp-content\/uploads\/2016\/11\/beton1.jpg\"><img decoding=\"async\" loading=\"lazy\" class=\"alignnone size-medium wp-image-98\" src=\"http:\/\/beton-natursteine.at\/wp-content\/uploads\/2016\/11\/beton1-300x225.jpg\" alt=\"beton1\" width=\"300\" height=\"225\" srcset=\"http:\/\/beton-natursteine.at\/wp-content\/uploads\/2016\/11\/beton1-300x225.jpg 300w, http:\/\/beton-natursteine.at\/wp-content\/uploads\/2016\/11\/beton1.jpg 480w\" sizes=\"(max-width: 300px) 100vw, 300px\" \/><\/a>\u00a0<a href=\"http:\/\/beton-natursteine.at\/wp-content\/uploads\/2016\/11\/DSC02698.jpg\"><img decoding=\"async\" loading=\"lazy\" class=\"alignnone size-medium wp-image-131\" src=\"http:\/\/beton-natursteine.at\/wp-content\/uploads\/2016\/11\/DSC02698-300x225.jpg\" alt=\"DSC02698\" width=\"300\" height=\"225\" srcset=\"http:\/\/beton-natursteine.at\/wp-content\/uploads\/2016\/11\/DSC02698-300x225.jpg 300w, http:\/\/beton-natursteine.at\/wp-content\/uploads\/2016\/11\/DSC02698-768x576.jpg 768w, http:\/\/beton-natursteine.at\/wp-content\/uploads\/2016\/11\/DSC02698-1024x768.jpg 1024w, http:\/\/beton-natursteine.at\/wp-content\/uploads\/2016\/11\/DSC02698-690x518.jpg 690w, http:\/\/beton-natursteine.at\/wp-content\/uploads\/2016\/11\/DSC02698-980x735.jpg 980w\" sizes=\"(max-width: 300px) 100vw, 300px\" \/><\/a> <a href=\"http:\/\/beton-natursteine.at\/wp-content\/uploads\/2016\/11\/DSC02780.jpg\"><img decoding=\"async\" loading=\"lazy\" class=\"alignnone size-medium wp-image-132\" src=\"http:\/\/beton-natursteine.at\/wp-content\/uploads\/2016\/11\/DSC02780-300x225.jpg\" alt=\"DSC02780\" width=\"300\" height=\"225\" srcset=\"http:\/\/beton-natursteine.at\/wp-content\/uploads\/2016\/11\/DSC02780-300x225.jpg 300w, http:\/\/beton-natursteine.at\/wp-content\/uploads\/2016\/11\/DSC02780-768x576.jpg 768w, http:\/\/beton-natursteine.at\/wp-content\/uploads\/2016\/11\/DSC02780-1024x768.jpg 1024w, http:\/\/beton-natursteine.at\/wp-content\/uploads\/2016\/11\/DSC02780-690x518.jpg 690w, http:\/\/beton-natursteine.at\/wp-content\/uploads\/2016\/11\/DSC02780-980x735.jpg 980w\" sizes=\"(max-width: 300px) 100vw, 300px\" \/><\/a><\/p>\n<\/div>\n<div class=\"_3x-2\"><\/div>\n<div>\n<hr \/>\n<\/div>\n<div>\n<div class=\"_1dwg _1w_m\">\n<div id=\"js_1l7\" class=\"_5pbx userContent\" data-ft=\"{&quot;tn&quot;:&quot;K&quot;}\">\n<p><strong>Sanierung ist unsere Spezialit\u00e4t &#8211; vorher\/nachher Bilder<\/strong><\/p>\n<\/div>\n<div class=\"_3x-2\">\n<div data-ft=\"{&quot;tn&quot;:&quot;H&quot;}\">\n<div class=\"mtm\">\n<div class=\"_2a2q\">\n<div class=\"uiScaledImageContainer\">\u00a0<a href=\"http:\/\/beton-natursteine.at\/wp-content\/uploads\/2017\/08\/DSC04042.jpg\"><img decoding=\"async\" loading=\"lazy\" class=\"alignnone size-medium wp-image-118\" src=\"http:\/\/beton-natursteine.at\/wp-content\/uploads\/2017\/08\/DSC04042-300x225.jpg\" alt=\"DSC04042\" width=\"300\" height=\"225\" srcset=\"http:\/\/beton-natursteine.at\/wp-content\/uploads\/2017\/08\/DSC04042-300x225.jpg 300w, http:\/\/beton-natursteine.at\/wp-content\/uploads\/2017\/08\/DSC04042-768x576.jpg 768w, http:\/\/beton-natursteine.at\/wp-content\/uploads\/2017\/08\/DSC04042-1024x768.jpg 1024w, http:\/\/beton-natursteine.at\/wp-content\/uploads\/2017\/08\/DSC04042-690x518.jpg 690w, http:\/\/beton-natursteine.at\/wp-content\/uploads\/2017\/08\/DSC04042-980x735.jpg 980w\" sizes=\"(max-width: 300px) 100vw, 300px\" \/><\/a> <a href=\"http:\/\/beton-natursteine.at\/wp-content\/uploads\/2017\/08\/DSC04044.jpg\"><img decoding=\"async\" loading=\"lazy\" class=\"alignnone size-medium wp-image-119\" src=\"http:\/\/beton-natursteine.at\/wp-content\/uploads\/2017\/08\/DSC04044-300x225.jpg\" alt=\"DSC04044\" width=\"300\" height=\"225\" srcset=\"http:\/\/beton-natursteine.at\/wp-content\/uploads\/2017\/08\/DSC04044-300x225.jpg 300w, http:\/\/beton-natursteine.at\/wp-content\/uploads\/2017\/08\/DSC04044-768x576.jpg 768w, http:\/\/beton-natursteine.at\/wp-content\/uploads\/2017\/08\/DSC04044-1024x768.jpg 1024w, http:\/\/beton-natursteine.at\/wp-content\/uploads\/2017\/08\/DSC04044-690x518.jpg 690w, http:\/\/beton-natursteine.at\/wp-content\/uploads\/2017\/08\/DSC04044-980x735.jpg 980w\" sizes=\"(max-width: 300px) 100vw, 300px\" \/><\/a> <a href=\"http:\/\/beton-natursteine.at\/wp-content\/uploads\/2017\/08\/DSC04061.jpg\"><img decoding=\"async\" loading=\"lazy\" class=\"alignnone size-medium wp-image-120\" src=\"http:\/\/beton-natursteine.at\/wp-content\/uploads\/2017\/08\/DSC04061-300x225.jpg\" alt=\"DSC04061\" width=\"300\" height=\"225\" srcset=\"http:\/\/beton-natursteine.at\/wp-content\/uploads\/2017\/08\/DSC04061-300x225.jpg 300w, http:\/\/beton-natursteine.at\/wp-content\/uploads\/2017\/08\/DSC04061-768x576.jpg 768w, http:\/\/beton-natursteine.at\/wp-content\/uploads\/2017\/08\/DSC04061-1024x768.jpg 1024w, http:\/\/beton-natursteine.at\/wp-content\/uploads\/2017\/08\/DSC04061-690x518.jpg 690w, http:\/\/beton-natursteine.at\/wp-content\/uploads\/2017\/08\/DSC04061-980x735.jpg 980w\" sizes=\"(max-width: 300px) 100vw, 300px\" \/><\/a><a href=\"http:\/\/beton-natursteine.at\/wp-content\/uploads\/2016\/11\/Stiege-1.jpg\"><img decoding=\"async\" loading=\"lazy\" class=\"alignnone size-medium wp-image-133\" src=\"http:\/\/beton-natursteine.at\/wp-content\/uploads\/2016\/11\/Stiege-1-300x225.jpg\" alt=\"Stiege 1\" width=\"300\" height=\"225\" srcset=\"http:\/\/beton-natursteine.at\/wp-content\/uploads\/2016\/11\/Stiege-1-300x225.jpg 300w, http:\/\/beton-natursteine.at\/wp-content\/uploads\/2016\/11\/Stiege-1-768x576.jpg 768w, http:\/\/beton-natursteine.at\/wp-content\/uploads\/2016\/11\/Stiege-1-1024x768.jpg 1024w, http:\/\/beton-natursteine.at\/wp-content\/uploads\/2016\/11\/Stiege-1-690x518.jpg 690w, http:\/\/beton-natursteine.at\/wp-content\/uploads\/2016\/11\/Stiege-1-980x735.jpg 980w\" sizes=\"(max-width: 300px) 100vw, 300px\" \/><\/a><a href=\"http:\/\/beton-natursteine.at\/wp-content\/uploads\/2016\/11\/Stiege-2.jpg\"><img decoding=\"async\" loading=\"lazy\" class=\"alignnone size-medium wp-image-134\" src=\"http:\/\/beton-natursteine.at\/wp-content\/uploads\/2016\/11\/Stiege-2-300x225.jpg\" alt=\"Stiege 2\" width=\"300\" height=\"225\" srcset=\"http:\/\/beton-natursteine.at\/wp-content\/uploads\/2016\/11\/Stiege-2-300x225.jpg 300w, http:\/\/beton-natursteine.at\/wp-content\/uploads\/2016\/11\/Stiege-2-768x576.jpg 768w, http:\/\/beton-natursteine.at\/wp-content\/uploads\/2016\/11\/Stiege-2-1024x768.jpg 1024w, http:\/\/beton-natursteine.at\/wp-content\/uploads\/2016\/11\/Stiege-2-690x518.jpg 690w, http:\/\/beton-natursteine.at\/wp-content\/uploads\/2016\/11\/Stiege-2-980x735.jpg 980w\" sizes=\"(max-width: 300px) 100vw, 300px\" \/><\/a><a href=\"http:\/\/beton-natursteine.at\/wp-content\/uploads\/2015\/10\/Stiege-13.jpg\"><img decoding=\"async\" loading=\"lazy\" class=\"alignnone size-medium wp-image-12\" src=\"http:\/\/beton-natursteine.at\/wp-content\/uploads\/2015\/10\/Stiege-13-300x225.jpg\" alt=\"Stiege 13\" width=\"300\" height=\"225\" srcset=\"http:\/\/beton-natursteine.at\/wp-content\/uploads\/2015\/10\/Stiege-13-300x225.jpg 300w, http:\/\/beton-natursteine.at\/wp-content\/uploads\/2015\/10\/Stiege-13.jpg 640w\" sizes=\"(max-width: 300px) 100vw, 300px\" \/><\/a><\/div>\n<\/div>\n<\/div>\n<\/div>\n<\/div>\n<div><\/div>\n<\/div>\n<div>\n<hr \/>\n<\/div>\n<div class=\"_4-u2 _4-u8\">\n<div class=\"_427x\">\n<div id=\"u_15_1e\" class=\"_4-u2 mbm _5jmm _5pat _5v3q _4-u8\" data-ft=\"{&quot;og_action_id&quot;:&quot;369125000087872&quot;,&quot;top_level_post_id&quot;:&quot;369124696754569&quot;,&quot;tl_objid&quot;:&quot;369124696754569&quot;,&quot;fbfeed_location&quot;:36}\" data-fte=\"1\">\n<div id=\"u_15_1f\" class=\"_3ccb\" data-gt=\"{&quot;type&quot;:&quot;click2canvas&quot;,&quot;fbsource&quot;:703,&quot;ref&quot;:&quot;nf_generic&quot;}\">\n<div class=\"userContentWrapper _5pcr\">\n<div class=\"_1dwg _1w_m\">\n<div id=\"js_1lb\" class=\"_5pbx userContent\" data-ft=\"{&quot;tn&quot;:&quot;K&quot;}\">\n<p>Eine <strong>runde Sache:<\/strong><\/p>\n<p><a href=\"http:\/\/beton-natursteine.at\/wp-content\/uploads\/2016\/11\/beton2.jpg\"><img decoding=\"async\" loading=\"lazy\" class=\"alignnone size-medium wp-image-99\" src=\"http:\/\/beton-natursteine.at\/wp-content\/uploads\/2016\/11\/beton2-300x225.jpg\" alt=\"beton2\" width=\"300\" height=\"225\" srcset=\"http:\/\/beton-natursteine.at\/wp-content\/uploads\/2016\/11\/beton2-300x225.jpg 300w, http:\/\/beton-natursteine.at\/wp-content\/uploads\/2016\/11\/beton2.jpg 480w\" sizes=\"(max-width: 300px) 100vw, 300px\" \/><\/a> <a href=\"http:\/\/beton-natursteine.at\/wp-content\/uploads\/2015\/10\/DSC00086.jpg\"><img decoding=\"async\" loading=\"lazy\" class=\"alignnone size-medium wp-image-17\" src=\"http:\/\/beton-natursteine.at\/wp-content\/uploads\/2015\/10\/DSC00086-300x225.jpg\" alt=\"DSC00086\" width=\"300\" height=\"225\" srcset=\"http:\/\/beton-natursteine.at\/wp-content\/uploads\/2015\/10\/DSC00086-300x225.jpg 300w, http:\/\/beton-natursteine.at\/wp-content\/uploads\/2015\/10\/DSC00086.jpg 640w\" sizes=\"(max-width: 300px) 100vw, 300px\" \/><\/a>\u00a0<a href=\"http:\/\/beton-natursteine.at\/wp-content\/uploads\/2016\/11\/DSC04258.jpg\"><img decoding=\"async\" loading=\"lazy\" class=\"alignnone size-medium wp-image-138\" src=\"http:\/\/beton-natursteine.at\/wp-content\/uploads\/2016\/11\/DSC04258-300x225.jpg\" alt=\"DSC04258\" width=\"300\" height=\"225\" srcset=\"http:\/\/beton-natursteine.at\/wp-content\/uploads\/2016\/11\/DSC04258-300x225.jpg 300w, http:\/\/beton-natursteine.at\/wp-content\/uploads\/2016\/11\/DSC04258-768x576.jpg 768w, http:\/\/beton-natursteine.at\/wp-content\/uploads\/2016\/11\/DSC04258-1024x768.jpg 1024w, http:\/\/beton-natursteine.at\/wp-content\/uploads\/2016\/11\/DSC04258-690x518.jpg 690w, http:\/\/beton-natursteine.at\/wp-content\/uploads\/2016\/11\/DSC04258-980x735.jpg 980w\" sizes=\"(max-width: 300px) 100vw, 300px\" \/><\/a> <a href=\"http:\/\/beton-natursteine.at\/wp-content\/uploads\/2016\/11\/DSC04264.jpg\"><img decoding=\"async\" loading=\"lazy\" class=\"alignnone size-medium wp-image-139\" src=\"http:\/\/beton-natursteine.at\/wp-content\/uploads\/2016\/11\/DSC04264-300x225.jpg\" alt=\"DSC04264\" width=\"300\" height=\"225\" srcset=\"http:\/\/beton-natursteine.at\/wp-content\/uploads\/2016\/11\/DSC04264-300x225.jpg 300w, http:\/\/beton-natursteine.at\/wp-content\/uploads\/2016\/11\/DSC04264-768x576.jpg 768w, http:\/\/beton-natursteine.at\/wp-content\/uploads\/2016\/11\/DSC04264-1024x768.jpg 1024w, http:\/\/beton-natursteine.at\/wp-content\/uploads\/2016\/11\/DSC04264-690x518.jpg 690w, http:\/\/beton-natursteine.at\/wp-content\/uploads\/2016\/11\/DSC04264-980x735.jpg 980w\" sizes=\"(max-width: 300px) 100vw, 300px\" \/><\/a> <a href=\"http:\/\/beton-natursteine.at\/wp-content\/uploads\/2016\/11\/DSC04248.jpg\"><img decoding=\"async\" loading=\"lazy\" class=\"alignnone size-medium wp-image-140\" src=\"http:\/\/beton-natursteine.at\/wp-content\/uploads\/2016\/11\/DSC04248-300x225.jpg\" alt=\"DSC04248\" width=\"300\" height=\"225\" srcset=\"http:\/\/beton-natursteine.at\/wp-content\/uploads\/2016\/11\/DSC04248-300x225.jpg 300w, http:\/\/beton-natursteine.at\/wp-content\/uploads\/2016\/11\/DSC04248-768x576.jpg 768w, http:\/\/beton-natursteine.at\/wp-content\/uploads\/2016\/11\/DSC04248-1024x768.jpg 1024w, http:\/\/beton-natursteine.at\/wp-content\/uploads\/2016\/11\/DSC04248-690x518.jpg 690w, http:\/\/beton-natursteine.at\/wp-content\/uploads\/2016\/11\/DSC04248-980x735.jpg 980w\" sizes=\"(max-width: 300px) 100vw, 300px\" \/><\/a> <a href=\"http:\/\/beton-natursteine.at\/wp-content\/uploads\/2016\/11\/DSC04260.jpg\"><img decoding=\"async\" loading=\"lazy\" class=\"alignnone size-medium wp-image-141\" src=\"http:\/\/beton-natursteine.at\/wp-content\/uploads\/2016\/11\/DSC04260-300x225.jpg\" alt=\"DSC04260\" width=\"300\" height=\"225\" srcset=\"http:\/\/beton-natursteine.at\/wp-content\/uploads\/2016\/11\/DSC04260-300x225.jpg 300w, http:\/\/beton-natursteine.at\/wp-content\/uploads\/2016\/11\/DSC04260-768x576.jpg 768w, http:\/\/beton-natursteine.at\/wp-content\/uploads\/2016\/11\/DSC04260-1024x768.jpg 1024w, http:\/\/beton-natursteine.at\/wp-content\/uploads\/2016\/11\/DSC04260-690x518.jpg 690w, http:\/\/beton-natursteine.at\/wp-content\/uploads\/2016\/11\/DSC04260-980x735.jpg 980w\" sizes=\"(max-width: 300px) 100vw, 300px\" \/><\/a><\/p>\n<\/div>\n<div>\n&nbsp;<\/p>\n<\/div>\n<\/div>\n<div><\/div>\n<\/div>\n<\/div>\n<\/div>\n<\/div>\n<\/div>\n<\/div>\n<\/div>\n<\/div>\n<\/div>\n<\/div>\n<\/div>\n<\/div>\n<\/div>\n","protected":false},"excerpt":{"rendered":"<p>Gro\u00dfformatplatten &#8211; au\u00dfergew\u00f6hnlich sch\u00f6n \u00a0 Sanierung ist unsere Spezialit\u00e4t &#8211; vorher\/nachher Bilder \u00a0 Eine runde Sache: \u00a0 &nbsp;<\/p>\n","protected":false},"author":4,"featured_media":0,"parent":0,"menu_order":0,"comment_status":"closed","ping_status":"closed","template":"","meta":{"jetpack_post_was_ever_published":false},"jetpack_sharing_enabled":true,"jetpack_shortlink":"https:\/\/wp.me\/P95nlx-1k","_links":{"self":[{"href":"http:\/\/beton-natursteine.at\/index.php?rest_route=\/wp\/v2\/pages\/82"}],"collection":[{"href":"http:\/\/beton-natursteine.at\/index.php?rest_route=\/wp\/v2\/pages"}],"about":[{"href":"http:\/\/beton-natursteine.at\/index.php?rest_route=\/wp\/v2\/types\/page"}],"author":[{"embeddable":true,"href":"http:\/\/beton-natursteine.at\/index.php?rest_route=\/wp\/v2\/users\/4"}],"replies":[{"embeddable":true,"href":"http:\/\/beton-natursteine.at\/index.php?rest_route=%2Fwp%2Fv2%2Fcomments&post=82"}],"version-history":[{"count":11,"href":"http:\/\/beton-natursteine.at\/index.php?rest_route=\/wp\/v2\/pages\/82\/revisions"}],"predecessor-version":[{"id":144,"href":"http:\/\/beton-natursteine.at\/index.php?rest_route=\/wp\/v2\/pages\/82\/revisions\/144"}],"wp:attachment":[{"href":"http:\/\/beton-natursteine.at\/index.php?rest_route=%2Fwp%2Fv2%2Fmedia&parent=82"}],"curies":[{"name":"wp","href":"https:\/\/api.w.org\/{rel}","templated":true}]}}